{"id":393,"date":"2022-06-21T11:53:51","date_gmt":"2022-06-21T09:53:51","guid":{"rendered":"http:\/\/florencemartincoaching.com\/?page_id=393"},"modified":"2022-06-21T12:09:17","modified_gmt":"2022-06-21T10:09:17","slug":"coaching-ontologique","status":"publish","type":"page","link":"https:\/\/florencemartincoaching.com\/index.php\/coaching-ontologique\/","title":{"rendered":"Coaching ontologique"},"content":{"rendered":"\n<div class=\"wp-block-cover is-light\"><span aria-hidden=\"true\" class=\"wp-block-cover__background has-background-dim\"><\/span><img loading=\"lazy\" decoding=\"async\" width=\"2560\" height=\"1440\" class=\"wp-block-cover__image-background wp-image-68\" alt=\"\" src=\"http:\/\/florencemartincoaching.kpdigital.fr\/wp-content\/uploads\/2022\/05\/DSC_3539-scaled.jpg\" data-object-fit=\"cover\" srcset=\"https:\/\/florencemartincoaching.com\/wp-content\/uploads\/2022\/05\/DSC_3539-scaled.jpg 2560w, https:\/\/florencemartincoaching.com\/wp-content\/uploads\/2022\/05\/DSC_3539-300x169.jpg 300w, https:\/\/florencemartincoaching.com\/wp-content\/uploads\/2022\/05\/DSC_3539-1024x576.jpg 1024w, https:\/\/florencemartincoaching.com\/wp-content\/uploads\/2022\/05\/DSC_3539-768x432.jpg 768w, https:\/\/florencemartincoaching.com\/wp-content\/uploads\/2022\/05\/DSC_3539-1536x864.jpg 1536w, https:\/\/florencemartincoaching.com\/wp-content\/uploads\/2022\/05\/DSC_3539-2048x1152.jpg 2048w\" sizes=\"auto, (max-width: 2560px) 100vw, 2560px\" \/><div class=\"wp-block-cover__inner-container is-layout-flow wp-block-cover-is-layout-flow\">\n<p class=\"has-text-align-center has-nv-light-bg-color has-text-color has-large-font-size\">Le coaching s&rsquo;\u00e9tablit avant tout dans la relation<\/p>\n<\/div><\/div>\n\n\n\n<div class=\"wp-block-group\"><div class=\"wp-block-group__inner-container is-layout-flow wp-block-group-is-layout-flow\">\n<div class=\"wp-block-buttons is-layout-flex wp-block-buttons-is-layout-flex\"><\/div>\n\n\n\n<h4 class=\"wp-block-heading\" id=\"specificit\u00e9\">La sp\u00e9cificit\u00e9 du coaching ontologique<\/h4>\n\n\n\n<p class=\"has-drop-cap\"><em><strong>O<\/strong><\/em><strong><em>ntologique ?<\/em> L&rsquo;ontologie<\/strong> c&rsquo;est la science de l&rsquo;\u00eatre et c&rsquo;est ce qui est au c\u0153ur de la <a href=\"#specificit\u00e9\">sp\u00e9cificit\u00e9<\/a> et puissance du coaching ontologique. Je m&rsquo;engage \u00e0 vous accompagner dans <strong>la singularit\u00e9 de votre \u00eatre<\/strong> (dans ses dimensions psychiques, intellectuelles, corporelles, \u00e9motionnelles&#8230;), de vos probl\u00e9matiques sp\u00e9cifiques, afin que vous puissiez <strong>d\u00e9cider par vous m\u00eame<\/strong> comment \u00e9largir le champ de vos propres ressources, r\u00e9aliser des transformations profondes sur la dur\u00e9e et acqu\u00e9rir de nouveaux apprentissages. Dans ma pratique du coaching, je m&rsquo;apparente davantage \u00e0 un <strong>guide<\/strong>. Je ne pr\u00e9tendrai pas vous donner des recettes toutes faites et je ne dicterai pas vos actions.<\/p>\n<\/div><\/div>\n\n\n\n<div class=\"wp-block-group\"><div class=\"wp-block-group__inner-container is-layout-flow wp-block-group-is-layout-flow\">\n<p>Le coaching ontologique est une pratique d\u2019accompagnement des personnes et des organisations qui permet de g\u00e9n\u00e9rer un nouveau <strong>leadership de soi<\/strong>, de nouveaux modes d\u2019apprentissage et d\u2019actions afin d\u2019obtenir de meilleurs r\u00e9sultats par rapport aux objectifs fix\u00e9s. Le processus de coaching vient <strong>questionner nos mani\u00e8res de faire et d\u2019\u00eatre<\/strong>, actuelles et pass\u00e9es, afin de pouvoir <strong>transformer nos actions<\/strong> pour <strong>produire des changements durables<\/strong>. <strong>C\u2019est une approche int\u00e9grale qui vient interroger le champ intellectuel mais aussi \u00e9motionnel et corporel<\/strong>.<\/p>\n\n\n\n<p>La relation entre le coach et le coach\u00e9 (b\u00e9n\u00e9ficiaire) est fondamentale. Le coach met \u00e0 disposition un puissant espace de conversation, d\u2019\u00e9change, d\u2019\u00e9coute active, d\u2019expression, de pr\u00e9sence, qui permet de s\u2019interroger, travailler sur soi, et g\u00e9n\u00e9rer des transformations de nos comportements et habitudes, afin de <strong>r\u00e9pondre aux enjeux pr\u00e9sents et futurs auxquels nous faisons face comme soci\u00e9t\u00e9 et comme individus<\/strong>. <\/p>\n\n\n\n<div class=\"wp-block-buttons is-layout-flex wp-block-buttons-is-layout-flex\"><\/div>\n\n\n\n<div class=\"wp-block-group\"><div class=\"wp-block-group__inner-container is-layout-flow wp-block-group-is-layout-flow\">\n<hr class=\"wp-block-separator has-alpha-channel-opacity\"\/>\n<\/div><\/div>\n\n\n\n<p class=\"has-text-align-center\"><em>D\u00e9couvrir et en savoir plus sur le coaching ontologique que je pratique, \u00e0 travers l&rsquo;AFCOP.<\/em><\/p>\n\n\n\n<div class=\"wp-block-buttons alignwide is-content-justification-center is-layout-flex wp-container-core-buttons-is-layout-16018d1d wp-block-buttons-is-layout-flex\">\n<div class=\"wp-block-button aligncenter is-style-default\"><a class=\"wp-block-button__link\" href=\"https:\/\/www.afcop.fr\/qu-est-ce-que-le-coaching-ontologique\" target=\"_blank\" rel=\"noreferrer noopener\">Association Fran\u00e7aise de Coaching Ontologique<\/a><\/div>\n<\/div>\n\n\n\n<p>Nous avons cr\u00e9e l&rsquo;Association Fran\u00e7aise de Coaching Ontologique (AFCOP) avec 4 coaches ontologiques de pays diff\u00e9rents (France, Espagne, Chili, Argentine) et nous avons \u00e0 c\u0153ur de faire conna\u00eetre<strong> notre discipline<\/strong>&nbsp;dans le monde francophone.<\/p>\n\n\n\n<p>\u00c9merveill\u00e9es&nbsp;par la pertinence, la profondeur et l&rsquo;efficacit\u00e9 du coaching ontologique, nous mettons en place des actions pour le diffuser aupr\u00e8s du plus grand nombre: personnes, \u00e9quipes et organisations francophones.<\/p>\n<\/div><\/div>\n","protected":false},"excerpt":{"rendered":"<p>La sp\u00e9cificit\u00e9 du coaching ontologique Ontologique ? L&rsquo;ontologie c&rsquo;est la science de l&rsquo;\u00eatre et c&rsquo;est ce qui est au c\u0153ur de la sp\u00e9cificit\u00e9 et puissance du coaching ontologique. Je m&rsquo;engage \u00e0 vous accompagner dans la singularit\u00e9 de votre \u00eatre (dans ses dimensions psychiques, intellectuelles, corporelles, \u00e9motionnelles&#8230;), de vos probl\u00e9matiques sp\u00e9cifiques, afin que vous puissiez d\u00e9cider&hellip;&nbsp;<a href=\"https:\/\/florencemartincoaching.com\/index.php\/coaching-ontologique\/\" class=\"\" rel=\"bookmark\">Lire la suite &raquo;<span class=\"screen-reader-text\">Coaching ontologique<\/span><\/a><\/p>\n","protected":false},"author":1,"featured_media":0,"parent":0,"menu_order":0,"comment_status":"closed","ping_status":"closed","template":"","meta":{"neve_meta_sidebar":"","neve_meta_container":"","neve_meta_enable_content_width":"","neve_meta_content_width":0,"neve_meta_title_alignment":"","neve_meta_author_avatar":"","neve_post_elements_order":"","neve_meta_disable_header":"","neve_meta_disable_footer":"","neve_meta_disable_title":"","footnotes":""},"class_list":["post-393","page","type-page","status-publish","hentry"],"_links":{"self":[{"href":"https:\/\/florencemartincoaching.com\/index.php\/wp-json\/wp\/v2\/pages\/393","targetHints":{"allow":["GET"]}}],"collection":[{"href":"https:\/\/florencemartincoaching.com\/index.php\/wp-json\/wp\/v2\/pages"}],"about":[{"href":"https:\/\/florencemartincoaching.com\/index.php\/wp-json\/wp\/v2\/types\/page"}],"author":[{"embeddable":true,"href":"https:\/\/florencemartincoaching.com\/index.php\/wp-json\/wp\/v2\/users\/1"}],"replies":[{"embeddable":true,"href":"https:\/\/florencemartincoaching.com\/index.php\/wp-json\/wp\/v2\/comments?post=393"}],"version-history":[{"count":3,"href":"https:\/\/florencemartincoaching.com\/index.php\/wp-json\/wp\/v2\/pages\/393\/revisions"}],"predecessor-version":[{"id":403,"href":"https:\/\/florencemartincoaching.com\/index.php\/wp-json\/wp\/v2\/pages\/393\/revisions\/403"}],"wp:attachment":[{"href":"https:\/\/florencemartincoaching.com\/index.php\/wp-json\/wp\/v2\/media?parent=393"}],"curies":[{"name":"wp","href":"https:\/\/api.w.org\/{rel}","templated":true}]}}