{"id":51,"date":"2022-05-06T16:43:00","date_gmt":"2022-05-06T14:43:00","guid":{"rendered":"http:\/\/florencemartincoaching.kpdigital.fr\/?page_id=51"},"modified":"2022-06-21T12:02:21","modified_gmt":"2022-06-21T10:02:21","slug":"ma-pratique-du-coaching","status":"publish","type":"page","link":"https:\/\/florencemartincoaching.com\/index.php\/page-accueil\/ma-pratique-du-coaching\/","title":{"rendered":"Approche"},"content":{"rendered":"\n<div class=\"wp-block-cover is-light\"><span aria-hidden=\"true\" class=\"wp-block-cover__background has-background-dim\"><\/span><img loading=\"lazy\" decoding=\"async\" width=\"2560\" height=\"1440\" class=\"wp-block-cover__image-background wp-image-68\" alt=\"\" src=\"http:\/\/florencemartincoaching.kpdigital.fr\/wp-content\/uploads\/2022\/05\/DSC_3539-scaled.jpg\" data-object-fit=\"cover\" srcset=\"https:\/\/florencemartincoaching.com\/wp-content\/uploads\/2022\/05\/DSC_3539-scaled.jpg 2560w, https:\/\/florencemartincoaching.com\/wp-content\/uploads\/2022\/05\/DSC_3539-300x169.jpg 300w, https:\/\/florencemartincoaching.com\/wp-content\/uploads\/2022\/05\/DSC_3539-1024x576.jpg 1024w, https:\/\/florencemartincoaching.com\/wp-content\/uploads\/2022\/05\/DSC_3539-768x432.jpg 768w, https:\/\/florencemartincoaching.com\/wp-content\/uploads\/2022\/05\/DSC_3539-1536x864.jpg 1536w, https:\/\/florencemartincoaching.com\/wp-content\/uploads\/2022\/05\/DSC_3539-2048x1152.jpg 2048w\" sizes=\"auto, (max-width: 2560px) 100vw, 2560px\" \/><div class=\"wp-block-cover__inner-container is-layout-flow wp-block-cover-is-layout-flow\">\n<p class=\"has-text-align-center has-nv-light-bg-color has-text-color has-large-font-size\">Prenez en main la transformation de votre organisation<\/p>\n<\/div><\/div>\n\n\n\n<div class=\"wp-block-group\"><div class=\"wp-block-group__inner-container is-layout-flow wp-block-group-is-layout-flow\">\n<h3 class=\"alignfull has-text-align-left wp-block-heading\" id=\"approche\">Mes valeurs fondamentales et comp\u00e9tences cl\u00e9s<\/h3>\n\n\n\n<div class=\"wp-block-columns is-layout-flex wp-container-core-columns-is-layout-9d6595d7 wp-block-columns-is-layout-flex\">\n<div class=\"wp-block-column is-layout-flow wp-block-column-is-layout-flow\" style=\"flex-basis:33.33%\"><div class=\"wp-block-image is-style-rounded\">\n<figure class=\"aligncenter size-full is-resized\"><img loading=\"lazy\" decoding=\"async\" src=\"http:\/\/florencemartincoaching.kpdigital.fr\/wp-content\/uploads\/2022\/05\/image.png\" alt=\"\" class=\"wp-image-107\" width=\"150\" height=\"150\" srcset=\"https:\/\/florencemartincoaching.com\/wp-content\/uploads\/2022\/05\/image.png 600w, https:\/\/florencemartincoaching.com\/wp-content\/uploads\/2022\/05\/image-300x300.png 300w, https:\/\/florencemartincoaching.com\/wp-content\/uploads\/2022\/05\/image-150x150.png 150w\" sizes=\"auto, (max-width: 150px) 100vw, 150px\" \/><\/figure>\n<\/div><\/div>\n\n\n\n<div class=\"wp-block-column is-layout-flow wp-block-column-is-layout-flow\" style=\"flex-basis:66.66%\">\n<p>Coach professionnelle certifi\u00e9e par l&rsquo;ICF (Associate Certified Coach) et ma sp\u00e9cificit\u00e9 est la pratique du <strong><a rel=\"noreferrer noopener\" href=\"#specificit\u00e9\" target=\"_blank\">coaching ontologique<\/a> <\/strong>qui met au c\u0153ur du processus la relation de confiance entre le coach et le client.  Ma pratique s\u2019appuie sur <strong>diff\u00e9rentes disciplines<\/strong> (biologie, sciences cognitives, psychologie, philosophie, corporalit\u00e9, m\u00e9ditation\u2026) et <strong>diff\u00e9rentes m\u00e9thodes<\/strong> (PNL, analyse syst\u00e9mique, Gestalt\u2026) pour permettre au client d\u2019<strong>identifier ses propres points de rupture, ses blocages <\/strong>et de d\u00e9cider des<strong> actions et changements \u00e0 entreprendre face aux enjeux <\/strong>pr\u00e9sents et futurs auxquels nous faisons face comme<strong> <\/strong>soci\u00e9t\u00e9 et comme individus. <\/p>\n\n\n\n<p>Un <a href=\"#deontologie\">code de d\u00e9ontologi<\/a><a href=\"http:\/\/florencemartincoaching.com\/wp-admin\/post.php?post=51&amp;action=edit#deontologie\">e<\/a> strict s&rsquo;applique.<\/p>\n<\/div>\n<\/div>\n\n\n\n<p>Le coaching ontologique fonctionne aussi bien au sein des <strong>organisations<\/strong> qu&rsquo;en accompagnement <strong>individuel<\/strong>. Il permet de:<\/p>\n\n\n\n<ul class=\"has-nv-light-bg-background-color has-background wp-block-list\"><li>G\u00e9rer des rapports et des relations probl\u00e9matiques, par rapport \u00e0 soi ou aux autres, \u00e0 titre individuel ou collectif au sein d\u2019une organisation;&nbsp;<\/li><li>Aborder ou pr\u00e9parer un changement dans sa vie professionnelle et\/ou personnelle;<\/li><li>Apprendre \u00e0 mieux se conna\u00eetre et \u00e0 g\u00e9rer ses ressources personnelles;Identifier les \u00e9l\u00e9ments bloquants pour obtenir les r\u00e9sultats souhait\u00e9s;<\/li><li>Appr\u00e9hender des probl\u00e9matiques telles que la qu\u00eate de sens, la gestion du stress, les difficult\u00e9s de communication, la gestion des \u00e9motions, les difficult\u00e9s relationnelles.<\/li><li>Construire un nouveau projet ou redonner du sens \u00e0 un projet existant et mettre en place de nouvelles actions.<\/li><\/ul>\n\n\n\n<figure class=\"wp-block-pullquote has-small-font-size\"><blockquote><p>Mon coaching ne donne pas de recettes ou de conseils avec plans d\u2019action tout fait. Il vous aide \u00e0 construire les v\u00f4tres. Le client reste ma\u00eetre de ses d\u00e9cisions et co-construit avec le coach. La m\u00e9thodologie, les outils d\u2019accompagnement sont <strong>adapt\u00e9s aux besoins de chaque b\u00e9n\u00e9ficiaire<\/strong>.&nbsp;L&rsquo;\u00e9coute occupe une place fondamentale. Le coach accompagne vers la prise de d\u00e9cision, il ne d\u00e9cide pas \u00e0 la place du client. <strong>Le coach ouvre des pistes, propose des regards nouveaux, des remises en question, il challenge mais ne dicte pas de comportements.<\/strong> Il pose des questions mais le choix des r\u00e9ponses appartient au b\u00e9n\u00e9ficiaire. Il ne pr\u00e9tend pas d\u00e9tenir une v\u00e9rit\u00e9 et respecte la libert\u00e9 du client. Trois domaines sont mobilis\u00e9s conjointement dans ce travail: <strong>le langage, le corps et les \u00e9motions. <\/strong>Le coaching ontologique travaille sur la <strong>coh\u00e9rence et les dissonances <\/strong>entre les trois.<\/p><\/blockquote><\/figure>\n\n\n\n<div class=\"wp-block-buttons is-vertical is-content-justification-center is-layout-flex wp-container-core-buttons-is-layout-9a7cdcfd wp-block-buttons-is-layout-flex\">\n<div class=\"wp-block-button aligncenter is-style-default\"><a class=\"wp-block-button__link\" href=\"http:\/\/florencemartincoaching.com\/index.php\/prestations\/\" target=\"_blank\" rel=\"noreferrer noopener\">D\u00e9couvrir mes prestations<\/a><\/div>\n\n\n\n<div class=\"wp-block-button aligncenter\"><a class=\"wp-block-button__link\" href=\"http:\/\/florencemartincoaching.com\/index.php\/coaching-ontologique\/\" target=\"_blank\" rel=\"noreferrer noopener\">En savoir plus sur le coaching ontologique<\/a><\/div>\n<\/div>\n<\/div><\/div>\n\n\n\n<div class=\"wp-block-buttons alignwide is-content-justification-center is-layout-flex wp-container-core-buttons-is-layout-14c487f4 wp-block-buttons-is-layout-flex\"><\/div>\n\n\n\n<hr class=\"wp-block-separator has-css-opacity is-style-wide\"\/>\n\n\n\n<h3 class=\"wp-block-heading\" id=\"deontologie\" style=\"line-height:1.3\">D\u00e9ontologie et Code de conduite <\/h3>\n\n\n\n<p>Coach certifi\u00e9e ACC par la F\u00e9d\u00e9ration Internationale de Coaching, <a rel=\"noreferrer noopener\" href=\"https:\/\/www.coachfederation.fr\/deontologie-referentiels\/\" target=\"_blank\">l&rsquo;\u00e9thique et les valeurs fondamentales de la profession<\/a> sont un fondement de ma pratique.<\/p>\n\n\n\n<p><em>Le processus d\u2019accompagnement individuel est enti\u00e8rement au service de la personne b\u00e9n\u00e9ficiaire et la confidentialit\u00e9 est strictement respect\u00e9e.<\/em><\/p>\n\n\n\n<p class=\"has-neve-text-color-color has-nv-light-bg-background-color has-text-color has-background\"><strong>Le coach s\u2019attache \u00e0 respecter les crit\u00e8res suivants dans toutes ses interventions:<\/strong><\/p>\n\n\n\n<ul class=\"has-nv-light-bg-color has-neve-text-color-background-color has-text-color has-background wp-block-list\"><li>Respecter et reconna\u00eetre les personnes dans leur singularit\u00e9 et leur complexit\u00e9;<\/li><li>N\u2019intervenir qu\u2019avec le consentement libre et \u00e9clair\u00e9 des personnes concern\u00e9es;<\/li><li>Informer le b\u00e9n\u00e9ficiaire des modalit\u00e9s, objectifs et du d\u00e9roul\u00e9 propos\u00e9;<\/li><li>Pr\u00e9server la vie priv\u00e9e des personnes et la confidentialit\u00e9 des donn\u00e9es;<\/li><li>Choisir en responsabilit\u00e9 les m\u00e9thodes, techniques, et outils mis en \u0153uvre et r\u00e9pondre des cons\u00e9quences des actions engag\u00e9es;<\/li><li>Tenir compte de ses propres limites et refuser toute prestation non ma\u00eetris\u00e9e;<\/li><li>Faire preuve de droiture dans les relations professionnelles;<\/li><li>Tenir une posture neutre et bienveillante vis-\u00e0-vis des personnes.<\/li><\/ul>\n\n\n\n<hr class=\"wp-block-separator has-css-opacity is-style-wide\"\/>\n","protected":false},"excerpt":{"rendered":"<p>Mes valeurs fondamentales et comp\u00e9tences cl\u00e9s Coach professionnelle certifi\u00e9e par l&rsquo;ICF (Associate Certified Coach) et ma sp\u00e9cificit\u00e9 est la pratique du coaching ontologique qui met au c\u0153ur du processus la relation de confiance entre le coach et le client. Ma pratique s\u2019appuie sur diff\u00e9rentes disciplines (biologie, sciences cognitives, psychologie, philosophie, corporalit\u00e9, m\u00e9ditation\u2026) et diff\u00e9rentes m\u00e9thodes&hellip;&nbsp;<a href=\"https:\/\/florencemartincoaching.com\/index.php\/page-accueil\/ma-pratique-du-coaching\/\" class=\"\" rel=\"bookmark\">Lire la suite &raquo;<span class=\"screen-reader-text\">Approche<\/span><\/a><\/p>\n","protected":false},"author":1,"featured_media":0,"parent":2,"menu_order":0,"comment_status":"closed","ping_status":"closed","template":"","meta":{"neve_meta_sidebar":"","neve_meta_container":"","neve_meta_enable_content_width":"","neve_meta_content_width":0,"neve_meta_title_alignment":"","neve_meta_author_avatar":"","neve_post_elements_order":"","neve_meta_disable_header":"","neve_meta_disable_footer":"","neve_meta_disable_title":"on","footnotes":""},"class_list":["post-51","page","type-page","status-publish","hentry"],"_links":{"self":[{"href":"https:\/\/florencemartincoaching.com\/index.php\/wp-json\/wp\/v2\/pages\/51","targetHints":{"allow":["GET"]}}],"collection":[{"href":"https:\/\/florencemartincoaching.com\/index.php\/wp-json\/wp\/v2\/pages"}],"about":[{"href":"https:\/\/florencemartincoaching.com\/index.php\/wp-json\/wp\/v2\/types\/page"}],"author":[{"embeddable":true,"href":"https:\/\/florencemartincoaching.com\/index.php\/wp-json\/wp\/v2\/users\/1"}],"replies":[{"embeddable":true,"href":"https:\/\/florencemartincoaching.com\/index.php\/wp-json\/wp\/v2\/comments?post=51"}],"version-history":[{"count":36,"href":"https:\/\/florencemartincoaching.com\/index.php\/wp-json\/wp\/v2\/pages\/51\/revisions"}],"predecessor-version":[{"id":402,"href":"https:\/\/florencemartincoaching.com\/index.php\/wp-json\/wp\/v2\/pages\/51\/revisions\/402"}],"up":[{"embeddable":true,"href":"https:\/\/florencemartincoaching.com\/index.php\/wp-json\/wp\/v2\/pages\/2"}],"wp:attachment":[{"href":"https:\/\/florencemartincoaching.com\/index.php\/wp-json\/wp\/v2\/media?parent=51"}],"curies":[{"name":"wp","href":"https:\/\/api.w.org\/{rel}","templated":true}]}}