{"id":66,"date":"2022-05-06T16:11:50","date_gmt":"2022-05-06T14:11:50","guid":{"rendered":"http:\/\/florencemartincoaching.kpdigital.fr\/?page_id=66"},"modified":"2022-05-19T16:56:40","modified_gmt":"2022-05-19T14:56:40","slug":"a-propos","status":"publish","type":"page","link":"https:\/\/florencemartincoaching.com\/index.php\/a-propos\/","title":{"rendered":"A propos"},"content":{"rendered":"\n<div class=\"wp-block-image is-style-rounded wp-duotone-000000-ffffff-1\"><figure class=\"aligncenter size-large is-resized\"><img loading=\"lazy\" decoding=\"async\" src=\"http:\/\/florencemartincoaching.kpdigital.fr\/wp-content\/uploads\/2022\/05\/flo-1-683x1024.jpg\" alt=\"\" class=\"wp-image-205\" width=\"171\" height=\"256\" srcset=\"https:\/\/florencemartincoaching.com\/wp-content\/uploads\/2022\/05\/flo-1-683x1024.jpg 683w, https:\/\/florencemartincoaching.com\/wp-content\/uploads\/2022\/05\/flo-1-200x300.jpg 200w, https:\/\/florencemartincoaching.com\/wp-content\/uploads\/2022\/05\/flo-1-768x1152.jpg 768w, https:\/\/florencemartincoaching.com\/wp-content\/uploads\/2022\/05\/flo-1-1024x1536.jpg 1024w, https:\/\/florencemartincoaching.com\/wp-content\/uploads\/2022\/05\/flo-1-1365x2048.jpg 1365w, https:\/\/florencemartincoaching.com\/wp-content\/uploads\/2022\/05\/flo-1-scaled.jpg 1707w\" sizes=\"auto, (max-width: 171px) 100vw, 171px\" \/><\/figure><\/div>\n\n\n\n<div class=\"wp-block-columns is-layout-flex wp-container-core-columns-is-layout-9d6595d7 wp-block-columns-is-layout-flex\">\n<div class=\"wp-block-column is-layout-flow wp-block-column-is-layout-flow\" style=\"flex-basis:100%\">\n<div class=\"wp-block-columns is-layout-flex wp-container-core-columns-is-layout-9d6595d7 wp-block-columns-is-layout-flex\">\n<div class=\"wp-block-column is-layout-flow wp-block-column-is-layout-flow\">\n<div class=\"wp-block-cover is-light wp-duotone-000000-ffffff-2\"><span aria-hidden=\"true\" class=\"has-background-dim-30 wp-block-cover__gradient-background has-background-dim\"><\/span><img loading=\"lazy\" decoding=\"async\" width=\"1024\" height=\"576\" class=\"wp-block-cover__image-background wp-image-90\" alt=\"\" src=\"http:\/\/florencemartincoaching.kpdigital.fr\/wp-content\/uploads\/2022\/05\/P1200336-1024x576.jpg\" data-object-fit=\"cover\" srcset=\"https:\/\/florencemartincoaching.com\/wp-content\/uploads\/2022\/05\/P1200336-1024x576.jpg 1024w, https:\/\/florencemartincoaching.com\/wp-content\/uploads\/2022\/05\/P1200336-300x169.jpg 300w, https:\/\/florencemartincoaching.com\/wp-content\/uploads\/2022\/05\/P1200336-768x432.jpg 768w, https:\/\/florencemartincoaching.com\/wp-content\/uploads\/2022\/05\/P1200336-1536x864.jpg 1536w, https:\/\/florencemartincoaching.com\/wp-content\/uploads\/2022\/05\/P1200336-2048x1152.jpg 2048w\" sizes=\"auto, (max-width: 1024px) 100vw, 1024px\" \/><div class=\"wp-block-cover__inner-container is-layout-flow wp-block-cover-is-layout-flow\">\n<h3 class=\"has-nv-light-bg-color has-text-color wp-block-heading\">Moteurs, comp\u00e9tences, exp\u00e9riences<\/h3>\n<\/div><\/div>\n<\/div>\n\n\n\n<div class=\"wp-block-column is-vertically-aligned-center is-layout-flow wp-block-column-is-layout-flow\">\n<p>Passionn\u00e9e par les relations humaines, les sciences cognitives ainsi que par les dynamiques de groupe et le leadership &#8211; pratiqu\u00e9es \u00e0 travers mon exp\u00e9rience professionnelle mais surtout personnelle dans mes activit\u00e9s de montagne, l\u2019organisation de voyages en autonomie en zones isol\u00e9es, l\u2019enseignement du yoga en famille, l&rsquo;encadrement associatif en l\u2019escalade &#8211; j&rsquo;ai un parcours qualifi\u00e9 d&rsquo; \u00ab\u00a0atypique\u00a0\u00bb, international et diversifi\u00e9 qui me permet d\u2019enrichir ma pratique de comp\u00e9tences multidisciplinaires.<\/p>\n\n\n\n<p>Je dispose de plus de 500 heures d&rsquo;exp\u00e9rience de coaching interne ou externe avec des clients particuliers ou en entreprise, en accompagnement individuel ou en \u00e9quipe. J&rsquo;ai eu la chance de pouvoir accompagner des clients de pays et cultures diff\u00e9rentes, en espagnol et en fran\u00e7ais.<\/p>\n<\/div>\n<\/div>\n\n\n\n<p>J&rsquo;ai travaill\u00e9 aux \u00c9tats-Unis et en Am\u00e9rique Latine, en Bolivie, puis au Chili o\u00f9 j&rsquo;ai r\u00e9alis\u00e9 une partie de mon parcours professionnel de 2008 \u00e0 2015. Parmi mes exp\u00e9riences, j&rsquo;ai accompagn\u00e9 avec <a rel=\"noreferrer noopener\" href=\"http:\/\/www.endeavor.org\" target=\"_blank\">Endeavor<\/a> des centaines d\u2019entrepreneurs pour les aider \u00e0 r\u00e9pondre \u00e0 leurs probl\u00e9matiques de <strong>planification strat\u00e9gique<\/strong>, d\u2019internationalisation, de gouvernance et de management. J&rsquo;ai mis en \u0153uvre des projets de <strong>formation en entrepreneuriat <\/strong>pour des jeunes issus de populations isol\u00e9es et vuln\u00e9rables, avec le <strong>d\u00e9veloppement des comp\u00e9tences souples<\/strong> (leadership, empowerment, confiance en soi, autonomie, travail en \u00e9quipe, intelligence \u00e9motionnelle etc.) au c\u0153ur de ces programmes d\u2019\u00e9ducation \u00e0 l\u2019entrepreneuriat. Au sein de <a rel=\"noreferrer noopener\" href=\"http:\/\/www.inria.fr\" target=\"_blank\">l&rsquo;INRIA<\/a> j&rsquo;ai accompagn\u00e9 des chercheurs dans leur <strong>projet de cr\u00e9ation <\/strong>d\u2019entreprise, ce qui lui a permis tr\u00e8s t\u00f4t de mesurer l\u2019impact des sciences num\u00e9riques, du <strong>digital<\/strong>, sur nos \u00e9conomies et nos soci\u00e9t\u00e9s. Entre 2017 et 2022 de retour en France j&rsquo;ai dirig\u00e9 l\u2019association French Tech Grande Provence qui anime dans le Vaucluse un \u00e9cosyst\u00e8me d\u2019entrepreneurs du num\u00e9rique et les accompagne dans leurs projets innovants.<\/p>\n\n\n\n<p>J&rsquo;interviens en tant qu&rsquo;enseignante \u00e0 l&rsquo;universit\u00e9 sur des sujets tels que l&rsquo;innovation, le management, l&rsquo;entrepreneuriat et l&rsquo;\u00e9thique d&rsquo;entreprise. <\/p>\n\n\n\n<figure class=\"wp-block-pullquote has-small-font-size\" style=\"font-style:normal;font-weight:300\"><blockquote><p>La qu\u00eate d&rsquo;impact des entrepreneurs me mobilise et mon r\u00f4le est de <strong>challenger<\/strong> et de <strong>faire se croiser <\/strong>des visions, des strat\u00e9gies, des solutions et personnes diff\u00e9rentes mais souvent utiles les unes pour les autres, croisements indispensables \u00e0 mes yeux pour faire <strong>face aux enjeux majeurs<\/strong> auxquels nous faisons face aujourd&rsquo;hui dans notre monde, d&rsquo;un point de vue \u00e9cologique, humain, \u00e9conomique, social et environnemental.<\/p><\/blockquote><\/figure>\n<\/div>\n<\/div>\n\n\n\n<div class=\"wp-block-columns is-layout-flex wp-container-core-columns-is-layout-9d6595d7 wp-block-columns-is-layout-flex\">\n<div class=\"wp-block-column is-vertically-aligned-top is-layout-flow wp-block-column-is-layout-flow\" style=\"flex-basis:50%\">\n<div class=\"wp-block-cover is-light\"><span aria-hidden=\"true\" class=\"wp-block-cover__gradient-background has-background-dim\"><\/span><img loading=\"lazy\" decoding=\"async\" width=\"1024\" height=\"703\" class=\"wp-block-cover__image-background wp-image-16\" alt=\"\" src=\"http:\/\/florencemartincoaching.kpdigital.fr\/wp-content\/uploads\/2022\/04\/fullsizeoutput_1ddb-1024x703.jpeg\" data-object-fit=\"cover\" srcset=\"https:\/\/florencemartincoaching.com\/wp-content\/uploads\/2022\/04\/fullsizeoutput_1ddb-1024x703.jpeg 1024w, https:\/\/florencemartincoaching.com\/wp-content\/uploads\/2022\/04\/fullsizeoutput_1ddb-300x206.jpeg 300w, https:\/\/florencemartincoaching.com\/wp-content\/uploads\/2022\/04\/fullsizeoutput_1ddb-768x527.jpeg 768w, https:\/\/florencemartincoaching.com\/wp-content\/uploads\/2022\/04\/fullsizeoutput_1ddb-1536x1055.jpeg 1536w, https:\/\/florencemartincoaching.com\/wp-content\/uploads\/2022\/04\/fullsizeoutput_1ddb-2048x1407.jpeg 2048w\" sizes=\"auto, (max-width: 1024px) 100vw, 1024px\" \/><div class=\"wp-block-cover__inner-container is-layout-flow wp-block-cover-is-layout-flow\">\n<h3 class=\"has-text-align-right has-nv-light-bg-color has-text-color wp-block-heading\">Valeurs cl\u00e9s<\/h3>\n<\/div><\/div>\n<\/div>\n\n\n\n<div class=\"wp-block-column is-vertically-aligned-center is-layout-flow wp-block-column-is-layout-flow\" style=\"flex-basis:50%\">\n<p>Je m\u2019implique chaque jour davantage dans des projets pour une <strong>\u00e9ducation et une consommation responsables,<\/strong> connect\u00e9e aux <strong>espaces naturels comme puissants espaces d\u2019apprentissage que nous avons besoin de g\u00e9n\u00e9rer pour faire face aux enjeux d\u2019aujourd\u2019hui et de demain<\/strong>. Je vis dans un village proche du Mont Ventoux (Vaucluse, France) avec mon mari et mes deux jeunes enfants qui nourrissent au quotidien mon travail de <strong>comment cr\u00e9er de meilleurs \u00e9quilibres <\/strong>pour le monde de demain. Le d\u00e9fi de (re)prendre le temps, le partage en famille, la d\u00e9couverte perp\u00e9tuelle des espaces naturels et la sobri\u00e9t\u00e9 dans nos modes de vie occupent une place essentielle au quotidien. <strong>Jouer<\/strong> avec nos enfants et nous connecter avec nos enfants int\u00e9rieurs repr\u00e9sentent de puissants espaces d&rsquo;apprentissage. <\/p>\n\n\n\n<p>En tant que coach formatrice, je place l\u2019humain, l\u2019authenticit\u00e9 et le leadership de soi au c\u0153ur de mon travail. <\/p>\n<\/div>\n<\/div>\n\n\n\n<figure class=\"wp-block-pullquote has-small-font-size\"><blockquote><p>Experte des processus de <strong>transformation et de changement<\/strong>, j&rsquo;ai \u00e0 c\u0153ur d\u2019accompagner d\u2019autres individus et organisations dans leurs d\u00e9fis pour conduire leurs changements et <strong>transitions <\/strong>professionnelles et personnelles, am\u00e9liorer leurs relations et trouver leur <strong>juste place et impact <\/strong>dans le monde.<\/p><\/blockquote><\/figure>\n\n\n\n<div class=\"wp-block-columns is-layout-flex wp-container-core-columns-is-layout-9d6595d7 wp-block-columns-is-layout-flex\">\n<div class=\"wp-block-column is-layout-flow wp-block-column-is-layout-flow\" style=\"flex-basis:50%\">\n<div class=\"wp-block-cover wp-duotone-000000-ffffff-3\"><span aria-hidden=\"true\" class=\"wp-block-cover__gradient-background has-background-dim\"><\/span><img loading=\"lazy\" decoding=\"async\" width=\"1024\" height=\"768\" class=\"wp-block-cover__image-background wp-image-70\" alt=\"\" src=\"http:\/\/florencemartincoaching.kpdigital.fr\/wp-content\/uploads\/2022\/05\/DSC_3675-1024x768.jpg\" data-object-fit=\"cover\" srcset=\"https:\/\/florencemartincoaching.com\/wp-content\/uploads\/2022\/05\/DSC_3675-1024x768.jpg 1024w, https:\/\/florencemartincoaching.com\/wp-content\/uploads\/2022\/05\/DSC_3675-300x225.jpg 300w, https:\/\/florencemartincoaching.com\/wp-content\/uploads\/2022\/05\/DSC_3675-768x576.jpg 768w, https:\/\/florencemartincoaching.com\/wp-content\/uploads\/2022\/05\/DSC_3675-1536x1152.jpg 1536w, https:\/\/florencemartincoaching.com\/wp-content\/uploads\/2022\/05\/DSC_3675-2048x1536.jpg 2048w\" sizes=\"auto, (max-width: 1024px) 100vw, 1024px\" \/><div class=\"wp-block-cover__inner-container is-layout-flow wp-block-cover-is-layout-flow\">\n<h3 class=\"has-nv-light-bg-color has-text-color wp-block-heading\">Parcours acad\u00e9mique et formations<\/h3>\n<\/div><\/div>\n<\/div>\n\n\n\n<div class=\"wp-block-column is-layout-flow wp-block-column-is-layout-flow\" style=\"flex-basis:50%\">\n<p>MBA (Master Business Administration) de l\u2019<strong>Essec Business School<\/strong> sp\u00e9cialis\u00e9e en conduite du changement, management, leadership et entrepreneuriat, j&rsquo;ai obtenu ma certification de coach professionnelle en 2014 avec Newfield Network (l\u2019<strong>Art du Coaching Ontologique)<\/strong>, organisme international de formation reconnu par la <strong>F\u00e9d\u00e9ration Internationale de Coaching <\/strong>(ICF). Ma pratique de coach formatrice s\u2019inscrit en continuit\u00e9 avec mon parcours professionnel en accompagnement au d\u00e9veloppement des comp\u00e9tences entrepreneuriales, gestion de projets innovants, management des organisations et accompagnement des entrepreneurs. Elle  s&rsquo;ancre d&rsquo;autre part dans mon parcours initial Kh\u00e2gne, humaniste et avec des enseignements philosophiques.<\/p>\n<\/div>\n<\/div>\n\n\n\n<p>C&rsquo;est ainsi que je suis form\u00e9e dans les domaines suivants sur lesquels je m&rsquo;appuie \u00e9galement dans ma pratique: <\/p>\n\n\n\n<div class=\"wp-block-group\"><div class=\"wp-block-group__inner-container is-layout-flow wp-block-group-is-layout-flow\">\n<ul class=\"wp-block-list\"><li>Processus d&rsquo;Innovation<\/li><li>Design Thinking<\/li><li>Sciences cognitives et gestion des \u00e9motions<\/li><li>Productivit\u00e9 et outils digitaux \/ No-code<\/li><li>Respiration, m\u00e9ditation<\/li><li>Yoga enfants et familles<\/li><li>Ecologie, permaculture<\/li><li>Equilibre alimentaire<\/li><\/ul>\n<\/div><\/div>\n","protected":false},"excerpt":{"rendered":"<p>Passionn\u00e9e par les relations humaines, les sciences cognitives ainsi que par les dynamiques de groupe et le leadership &#8211; pratiqu\u00e9es \u00e0 travers mon exp\u00e9rience professionnelle mais surtout personnelle dans mes activit\u00e9s de montagne, l\u2019organisation de voyages en autonomie en zones isol\u00e9es, l\u2019enseignement du yoga en famille, l&rsquo;encadrement associatif en l\u2019escalade &#8211; j&rsquo;ai un parcours qualifi\u00e9&hellip;&nbsp;<a href=\"https:\/\/florencemartincoaching.com\/index.php\/a-propos\/\" class=\"\" rel=\"bookmark\">Lire la suite &raquo;<span class=\"screen-reader-text\">A propos<\/span><\/a><\/p>\n","protected":false},"author":1,"featured_media":0,"parent":0,"menu_order":0,"comment_status":"closed","ping_status":"closed","template":"","meta":{"neve_meta_sidebar":"","neve_meta_container":"","neve_meta_enable_content_width":"","neve_meta_content_width":0,"neve_meta_title_alignment":"","neve_meta_author_avatar":"","neve_post_elements_order":"","neve_meta_disable_header":"off","neve_meta_disable_footer":"","neve_meta_disable_title":"on","footnotes":""},"class_list":["post-66","page","type-page","status-publish","hentry"],"_links":{"self":[{"href":"https:\/\/florencemartincoaching.com\/index.php\/wp-json\/wp\/v2\/pages\/66","targetHints":{"allow":["GET"]}}],"collection":[{"href":"https:\/\/florencemartincoaching.com\/index.php\/wp-json\/wp\/v2\/pages"}],"about":[{"href":"https:\/\/florencemartincoaching.com\/index.php\/wp-json\/wp\/v2\/types\/page"}],"author":[{"embeddable":true,"href":"https:\/\/florencemartincoaching.com\/index.php\/wp-json\/wp\/v2\/users\/1"}],"replies":[{"embeddable":true,"href":"https:\/\/florencemartincoaching.com\/index.php\/wp-json\/wp\/v2\/comments?post=66"}],"version-history":[{"count":26,"href":"https:\/\/florencemartincoaching.com\/index.php\/wp-json\/wp\/v2\/pages\/66\/revisions"}],"predecessor-version":[{"id":332,"href":"https:\/\/florencemartincoaching.com\/index.php\/wp-json\/wp\/v2\/pages\/66\/revisions\/332"}],"wp:attachment":[{"href":"https:\/\/florencemartincoaching.com\/index.php\/wp-json\/wp\/v2\/media?parent=66"}],"curies":[{"name":"wp","href":"https:\/\/api.w.org\/{rel}","templated":true}]}}