{"id":96,"date":"2022-05-11T15:08:03","date_gmt":"2022-05-11T13:08:03","guid":{"rendered":"http:\/\/florencemartincoaching.kpdigital.fr\/?page_id=96"},"modified":"2022-06-14T11:30:45","modified_gmt":"2022-06-14T09:30:45","slug":"infos-pratiques","status":"publish","type":"page","link":"https:\/\/florencemartincoaching.com\/index.php\/infos-pratiques\/","title":{"rendered":"FAQ &#8211; Infos pratiques"},"content":{"rendered":"\n<h5 class=\"has-nv-light-bg-background-color has-background wp-block-heading\">Est-ce que le coaching est fait pour moi ?<\/h5>\n\n\n\n<p>Il n&rsquo;y a qu&rsquo;un moyen de le savoir: essayer une s\u00e9ance et exp\u00e9rimenter ! Aucun pr\u00e9requis n&rsquo;est n\u00e9cessaire pour se faire accompagner et engager un travail sur soi. Je vous propose un v\u00e9ritable travail de transformation qui s&rsquo;adresse \u00e0 votre personne au-del\u00e0 de votre r\u00f4le social ou fonction. Je travaille avec les multiples facettes de votre \u00eatre: homme, femme, parent, entrepreneur&#8230;et \u00e0 leurs interactions. <\/p>\n\n\n\n<p>Ainsi mon coaching offre des b\u00e9n\u00e9fices aussi bien \u00e0 des chefs d&rsquo;entreprises, entrepreneurs, mais aussi salari\u00e9s, apprentis, personnes en reconversion, individus souhaitant travailler leur leadership et modes d&rsquo;action, et qui rencontrent \u00e0 une \u00e9tape donn\u00e9e de leur vie des questionnements sur leur leadership, leur juste place et le sens de leurs actions. <\/p>\n\n\n\n<p>Le coaching ontologique que je pratique fonctionne aussi bien avec des individus qu\u2019avec des organisations ou des \u00e9quipes sp\u00e9cifiques. <\/p>\n\n\n\n<h5 class=\"has-nv-light-bg-background-color has-background wp-block-heading\">O\u00f9 est-ce que les s\u00e9ances de coaching ont lieu ?<\/h5>\n\n\n\n<p>La plupart des accompagnements sont r\u00e9alis\u00e9s EN LIGNE, par visioconf\u00e9rence. Je vous guide dans le processus de connexion. Ce choix de m\u00e9thode permet de garder une qualit\u00e9 de relation et de contact optimum, tout en vous permettant d&rsquo;optimiser votre temps et de suivre vos s\u00e9ances d&rsquo;o\u00f9 vous le souhaitez.<\/p>\n\n\n\n<p>Je peux \u00e9galement vous recevoir dans mon espace d\u00e9di\u00e9 situ\u00e9 dans le Vaucluse \u00e0 Malauc\u00e8ne, 84340. Je peux \u00e9galement \u00eatre amen\u00e9e \u00e0 vous proposer des s\u00e9ances ou activit\u00e9s sp\u00e9cifiques en ext\u00e9rieur (autour du Mont Ventoux par exemple). <\/p>\n\n\n\n<p>Les formations collectives ont lieu chez le client ou dans le lieu choisi par le client.<\/p>\n\n\n\n<h5 class=\"has-nv-light-bg-background-color has-background wp-block-heading\">Dans quelle langue est-ce que je travaille ?<\/h5>\n\n\n\n<p>Ma langue maternelle est le <strong>fran\u00e7ais<\/strong>. Je travaille \u00e9galement en <strong>espagnol<\/strong> et <strong>anglais<\/strong>.<\/p>\n\n\n\n<h5 class=\"has-nv-light-bg-background-color has-background wp-block-heading\">Combien de temps dure une s\u00e9ance de coaching ?<\/h5>\n\n\n\n<p>Chaque s\u00e9ance dure environ 1h, en face \u00e0 face ou bien en visioconf\u00e9rence ou par t\u00e9l\u00e9phone. Le client sera invit\u00e9 \u00e0 pratiquer des exercices personnalis\u00e9s entre chaque s\u00e9ance. Il est important de noter que le \u00ab\u00a0travail\u00a0\u00bb du coach\u00e9 continue apr\u00e8s la s\u00e9ance, certains aspects de l&rsquo;\u00e9change vont continuer \u00e0 \u00ab\u00a0d\u00e9canter\u00a0\u00bb, \u00e0 cheminer int\u00e9rieurement, la r\u00e9flexion se poursuit largement au-del\u00e0 de la s\u00e9ance. Plus le client coach\u00e9 se sentira impliqu\u00e9 dans ce travail, plus les transformations pourront avoir lieu au rythme souhait\u00e9 par le coach\u00e9.<\/p>\n\n\n\n<h5 class=\"has-nv-light-bg-background-color has-background wp-block-heading\">Combien de temps dure un processus complet de coaching ?<\/h5>\n\n\n\n<p>Cela peut \u00eatre variable d&rsquo;un client \u00e0 l&rsquo;autre. Entre 8 et 12 s\u00e9ances \u00e9tal\u00e9es sur entre 2 et 6 mois. <\/p>\n\n\n\n<h5 class=\"has-nv-light-bg-background-color has-background wp-block-heading\">Quelle est la diff\u00e9rence entre voir un coach et un psychologue ?<\/h5>\n\n\n\n<p>Ce sont deux pratiques diff\u00e9rentes. Le coaching est un accompagnement de plus courte dur\u00e9e, centr\u00e9 sur le pr\u00e9sent et l&rsquo;avenir, qui a pour but de r\u00e9soudre une probl\u00e9matique sp\u00e9cifique au d\u00e9part. Un coach peut travailler en compl\u00e9mentarit\u00e9 avec d&rsquo;autres professionnels de la sant\u00e9 et orientera le client vers ce type de professionnels si n\u00e9cessaire.<\/p>\n\n\n\n<h3 class=\"has-text-align-center wp-block-heading\">Vous avez d&rsquo;autres questions ?<\/h3>\n\n\n\n<iframe loading=\"lazy\" class=\"airtable-embed\" src=\"https:\/\/airtable.com\/embed\/shra2YEIP9pghX9P0?backgroundColor=teal\" onmousewheel=\"\" style=\"background: transparent; border: 1px solid #ccc;\" width=\"100%\" height=\"533\" frameborder=\"0\"><\/iframe>\n","protected":false},"excerpt":{"rendered":"<p>Est-ce que le coaching est fait pour moi ? Il n&rsquo;y a qu&rsquo;un moyen de le savoir: essayer une s\u00e9ance et exp\u00e9rimenter ! Aucun pr\u00e9requis n&rsquo;est n\u00e9cessaire pour se faire accompagner et engager un travail sur soi. Je vous propose un v\u00e9ritable travail de transformation qui s&rsquo;adresse \u00e0 votre personne au-del\u00e0 de votre r\u00f4le social&hellip;&nbsp;<a href=\"https:\/\/florencemartincoaching.com\/index.php\/infos-pratiques\/\" class=\"\" rel=\"bookmark\">Lire la suite &raquo;<span class=\"screen-reader-text\">FAQ &#8211; Infos pratiques<\/span><\/a><\/p>\n","protected":false},"author":1,"featured_media":0,"parent":0,"menu_order":0,"comment_status":"closed","ping_status":"closed","template":"","meta":{"neve_meta_sidebar":"","neve_meta_container":"","neve_meta_enable_content_width":"","neve_meta_content_width":0,"neve_meta_title_alignment":"","neve_meta_author_avatar":"","neve_post_elements_order":"","neve_meta_disable_header":"","neve_meta_disable_footer":"","neve_meta_disable_title":"","footnotes":""},"class_list":["post-96","page","type-page","status-publish","hentry"],"_links":{"self":[{"href":"https:\/\/florencemartincoaching.com\/index.php\/wp-json\/wp\/v2\/pages\/96","targetHints":{"allow":["GET"]}}],"collection":[{"href":"https:\/\/florencemartincoaching.com\/index.php\/wp-json\/wp\/v2\/pages"}],"about":[{"href":"https:\/\/florencemartincoaching.com\/index.php\/wp-json\/wp\/v2\/types\/page"}],"author":[{"embeddable":true,"href":"https:\/\/florencemartincoaching.com\/index.php\/wp-json\/wp\/v2\/users\/1"}],"replies":[{"embeddable":true,"href":"https:\/\/florencemartincoaching.com\/index.php\/wp-json\/wp\/v2\/comments?post=96"}],"version-history":[{"count":9,"href":"https:\/\/florencemartincoaching.com\/index.php\/wp-json\/wp\/v2\/pages\/96\/revisions"}],"predecessor-version":[{"id":376,"href":"https:\/\/florencemartincoaching.com\/index.php\/wp-json\/wp\/v2\/pages\/96\/revisions\/376"}],"wp:attachment":[{"href":"https:\/\/florencemartincoaching.com\/index.php\/wp-json\/wp\/v2\/media?parent=96"}],"curies":[{"name":"wp","href":"https:\/\/api.w.org\/{rel}","templated":true}]}}